{"id":2266,"date":"2022-10-21T07:52:33","date_gmt":"2022-10-21T15:52:33","guid":{"rendered":"https:\/\/bajamak.mx\/?page_id=2266"},"modified":"2025-10-23T00:37:04","modified_gmt":"2025-10-23T08:37:04","slug":"guia","status":"publish","type":"page","link":"https:\/\/bajamak.mx\/en\/guia\/","title":{"rendered":"Gu\u00eda"},"content":{"rendered":"<p>[et_pb_section fb_built=&#8221;1&#8243; _builder_version=&#8221;4.9.7&#8243; _module_preset=&#8221;default&#8221; custom_padding=&#8221;40px|0px||||&#8221; global_colors_info=&#8221;{}&#8221;][et_pb_row _builder_version=&#8221;4.10.3&#8243; _module_preset=&#8221;default&#8221; width=&#8221;72%&#8221; width_tablet=&#8221;81%&#8221; width_phone=&#8221;92%&#8221; width_last_edited=&#8221;on|desktop&#8221; custom_padding=&#8221;|0px|4px|||&#8221; global_colors_info=&#8221;{}&#8221;][et_pb_column type=&#8221;4_4&#8243; _builder_version=&#8221;4.9.7&#8243; _module_preset=&#8221;default&#8221; global_colors_info=&#8221;{}&#8221;][et_pb_post_title meta=&#8221;off&#8221; featured_image=&#8221;off&#8221; _builder_version=&#8221;4.10.3&#8243; _module_preset=&#8221;default&#8221; title_font=&#8221;|600|||||||&#8221; title_text_align=&#8221;center&#8221; title_text_color=&#8221;#0B2F4E&#8221; title_font_size=&#8221;28px&#8221; global_colors_info=&#8221;{}&#8221;][\/et_pb_post_title][\/et_pb_column][\/et_pb_row][et_pb_row _builder_version=&#8221;4.10.3&#8243; _module_preset=&#8221;default&#8221; width=&#8221;72%&#8221; width_tablet=&#8221;81%&#8221; width_phone=&#8221;92%&#8221; width_last_edited=&#8221;on|desktop&#8221; custom_padding=&#8221;15px|0px||||&#8221; global_colors_info=&#8221;{}&#8221;][et_pb_column type=&#8221;4_4&#8243; _builder_version=&#8221;4.9.7&#8243; _module_preset=&#8221;default&#8221; global_colors_info=&#8221;{}&#8221;][et_pb_text _builder_version=&#8221;4.10.3&#8243; _module_preset=&#8221;default&#8221; text_font_size=&#8221;22px&#8221; text_line_height=&#8221;1.8em&#8221; text_font_size_tablet=&#8221;20px&#8221; text_font_size_phone=&#8221;18px&#8221; text_font_size_last_edited=&#8221;on|phone&#8221; global_colors_info=&#8221;{}&#8221;]<\/p>\n<p style=\"text-align: center;\">Descarga aqui tu gu\u00eda de expositores para la 19na edici\u00f3n de Bajamak:<\/p>\n<p>[\/et_pb_text][et_pb_image src=&#8221;https:\/\/bajamak.mx\/wp-content\/uploads\/2025\/10\/Guia-Bajamak.jpg&#8221; title_text=&#8221;Guia Bajamak&#8221; url=&#8221;https:\/\/bajamak.mx\/wp-content\/uploads\/2025\/10\/Bajamak-2025-Guia-de-Expositores_c.pdf&#8221; _builder_version=&#8221;4.10.3&#8243; _module_preset=&#8221;default&#8221; width=&#8221;30%&#8221; width_tablet=&#8221;85%&#8221; width_phone=&#8221;100%&#8221; width_last_edited=&#8221;on|phone&#8221; module_alignment=&#8221;center&#8221; hover_enabled=&#8221;0&#8243; module_alignment_tablet=&#8221;center&#8221; module_alignment_phone=&#8221;center&#8221; module_alignment_last_edited=&#8221;on|phone&#8221; global_colors_info=&#8221;{}&#8221; url_new_window=&#8221;on&#8221; sticky_enabled=&#8221;0&#8243;][\/et_pb_image][et_pb_button button_url=&#8221;https:\/\/bajamak.mx\/wp-content\/uploads\/2025\/10\/Bajamak-2025-Guia-de-Expositores_c.pdf&#8221; button_text=&#8221;Descarga aqu\u00ed la gu\u00eda de expositores&#8221; button_alignment=&#8221;center&#8221; _builder_version=&#8221;4.10.3&#8243; _module_preset=&#8221;default&#8221; custom_button=&#8221;on&#8221; button_text_color=&#8221;#FFFFFF&#8221; button_bg_color=&#8221;#0B2F4E&#8221; button_border_color=&#8221;#0B2F4E&#8221; hover_enabled=&#8221;0&#8243; global_colors_info=&#8221;{}&#8221; url_new_window=&#8221;on&#8221; sticky_enabled=&#8221;0&#8243;][\/et_pb_button][et_pb_image src=&#8221;https:\/\/bajamak.mx\/wp-content\/uploads\/2021\/07\/bajamakLogo.png&#8221; title_text=&#8221;bajamakLogo&#8221; align=&#8221;center&#8221; _builder_version=&#8221;4.10.3&#8243; _module_preset=&#8221;default&#8221; width=&#8221;40%&#8221; width_tablet=&#8221;57%&#8221; width_phone=&#8221;82%&#8221; width_last_edited=&#8221;on|phone&#8221; module_alignment=&#8221;center&#8221; custom_margin=&#8221;||||false|false&#8221; global_colors_info=&#8221;{}&#8221;][\/et_pb_image][\/et_pb_column][\/et_pb_row][et_pb_row disabled_on=&#8221;on|on|on&#8221; _builder_version=&#8221;4.10.3&#8243; _module_preset=&#8221;default&#8221; width=&#8221;72%&#8221; width_tablet=&#8221;81%&#8221; width_phone=&#8221;92%&#8221; width_last_edited=&#8221;on|desktop&#8221; custom_padding=&#8221;15px|0px||||&#8221; disabled=&#8221;on&#8221; global_colors_info=&#8221;{}&#8221;][et_pb_column type=&#8221;4_4&#8243; _builder_version=&#8221;4.9.7&#8243; _module_preset=&#8221;default&#8221; global_colors_info=&#8221;{}&#8221;][et_pb_text _builder_version=&#8221;4.10.3&#8243; _module_preset=&#8221;default&#8221; text_font_size=&#8221;22px&#8221; text_line_height=&#8221;1.8em&#8221; text_font_size_tablet=&#8221;20px&#8221; text_font_size_phone=&#8221;18px&#8221; text_font_size_last_edited=&#8221;on|phone&#8221; global_colors_info=&#8221;{}&#8221;]<\/p>\n<p style=\"text-align: center;\">Muchas gracias por acompa\u00f1arnos a la 16va edici\u00f3n de <strong>Bajamak<\/strong><\/p>\n<p>[\/et_pb_text][et_pb_button button_url=&#8221;https:\/\/bajamak.mx\/wp-content\/uploads\/2022\/10\/Bajamak-2022-Guia-de-Expositores.pdf&#8221; button_text=&#8221;Descarga aqu\u00ed la gu\u00eda de expositores&#8221; button_alignment=&#8221;center&#8221; _builder_version=&#8221;4.10.3&#8243; _module_preset=&#8221;default&#8221; custom_button=&#8221;on&#8221; button_text_color=&#8221;#FFFFFF&#8221; button_bg_color=&#8221;#0B2F4E&#8221; button_border_color=&#8221;#0B2F4E&#8221; global_colors_info=&#8221;{}&#8221;][\/et_pb_button][et_pb_text _builder_version=&#8221;4.10.3&#8243; _module_preset=&#8221;default&#8221; text_font_size=&#8221;22px&#8221; min_height=&#8221;3.8px&#8221; custom_margin=&#8221;||||false|false&#8221; custom_padding=&#8221;27px||||false|false&#8221; text_font_size_tablet=&#8221;20px&#8221; text_font_size_phone=&#8221;20px&#8221; text_font_size_last_edited=&#8221;on|phone&#8221; global_colors_info=&#8221;{}&#8221;]<\/p>\n<p style=\"text-align: center;\">\u00a1Te esperamos el pr\u00f3ximo a\u00f1o!<a href=\"https:\/\/bajamak.mx\/wp-content\/uploads\/2022\/10\/Bajamak-2022-Guia-de-Expositores.pdf\" target=\"_blank\" rel=\"noopener\" title=\"Bajamak 2022 - Guia de Expositores\"><\/a><\/p>\n<p>[\/et_pb_text][et_pb_image src=&#8221;https:\/\/bajamak.mx\/wp-content\/uploads\/2021\/07\/bajamakLogo.png&#8221; title_text=&#8221;bajamakLogo&#8221; align=&#8221;center&#8221; _builder_version=&#8221;4.10.3&#8243; _module_preset=&#8221;default&#8221; width=&#8221;40%&#8221; width_tablet=&#8221;57%&#8221; width_phone=&#8221;82%&#8221; width_last_edited=&#8221;on|phone&#8221; module_alignment=&#8221;center&#8221; custom_margin=&#8221;||||false|false&#8221; global_colors_info=&#8221;{}&#8221;][\/et_pb_image][\/et_pb_column][\/et_pb_row][\/et_pb_section]<\/p>\n","protected":false},"excerpt":{"rendered":"<p>Descarga aqui tu gu\u00eda de expositores para la 19na edici\u00f3n de Bajamak:Muchas gracias por acompa\u00f1arnos a la 16va edici\u00f3n de Bajamak\u00a1Te esperamos el pr\u00f3ximo a\u00f1o!<\/p>","protected":false},"author":1,"featured_media":0,"parent":0,"menu_order":0,"comment_status":"closed","ping_status":"closed","template":"","meta":{"_et_pb_use_builder":"on","_et_pb_old_content":"","_et_gb_content_width":"","footnotes":""},"class_list":["post-2266","page","type-page","status-publish","hentry"],"_links":{"self":[{"href":"https:\/\/bajamak.mx\/en\/wp-json\/wp\/v2\/pages\/2266","targetHints":{"allow":["GET"]}}],"collection":[{"href":"https:\/\/bajamak.mx\/en\/wp-json\/wp\/v2\/pages"}],"about":[{"href":"https:\/\/bajamak.mx\/en\/wp-json\/wp\/v2\/types\/page"}],"author":[{"embeddable":true,"href":"https:\/\/bajamak.mx\/en\/wp-json\/wp\/v2\/users\/1"}],"replies":[{"embeddable":true,"href":"https:\/\/bajamak.mx\/en\/wp-json\/wp\/v2\/comments?post=2266"}],"version-history":[{"count":5,"href":"https:\/\/bajamak.mx\/en\/wp-json\/wp\/v2\/pages\/2266\/revisions"}],"predecessor-version":[{"id":4843,"href":"https:\/\/bajamak.mx\/en\/wp-json\/wp\/v2\/pages\/2266\/revisions\/4843"}],"wp:attachment":[{"href":"https:\/\/bajamak.mx\/en\/wp-json\/wp\/v2\/media?parent=2266"}],"curies":[{"name":"wp","href":"https:\/\/api.w.org\/{rel}","templated":true}]}}