{"id":270,"date":"2021-07-15T07:30:35","date_gmt":"2021-07-15T15:30:35","guid":{"rendered":"https:\/\/bajamak.mx\/?page_id=270"},"modified":"2021-07-15T07:30:35","modified_gmt":"2021-07-15T15:30:35","slug":"terminos-de-uso-y-politica-de-privacidad","status":"publish","type":"page","link":"https:\/\/bajamak.mx\/en\/terminos-de-uso-y-politica-de-privacidad\/","title":{"rendered":"Terms of Use and Privacy Policy"},"content":{"rendered":"<p>[et_pb_section fb_built=&#8221;1&#8243; _builder_version=&#8221;4.9.7&#8243; _module_preset=&#8221;default&#8221;][et_pb_row _builder_version=&#8221;4.9.7&#8243; _module_preset=&#8221;default&#8221;][et_pb_column _builder_version=&#8221;4.9.7&#8243; _module_preset=&#8221;default&#8221; type=&#8221;4_4&#8243;][et_pb_text _builder_version=&#8221;4.9.7&#8243; _module_preset=&#8221;default&#8221; hover_enabled=&#8221;0&#8243; sticky_enabled=&#8221;0&#8243;]<\/p>\n<h1 style=\"text-align: center;\"><strong>Terminos de Uso y Pol\u00edtica de Privacidad<\/strong><\/h1>\n<p><strong>\u00a0<\/strong><\/p>\n<p>Proteger su informaci\u00f3n privada es nuestra prioridad. Esta declaraci\u00f3n de privacidad se aplica a bajamak.mx y GRUPO BAEXCO y rige la recopilaci\u00f3n y el uso de datos. A los efectos de esta Pol\u00edtica de privacidad, a menos que se indique lo contrario, todas las referencias a GRUPO BAEXCO incluyen bajamak.mx y GRUPO BAEXCO. \u00a0Al utilizar el sitio web de GRUPO BAEXCO, usted acepta las pr\u00e1cticas de datos descritas en esta declaraci\u00f3n.<\/p>\n<p><strong>Recopilaci\u00f3n de su informaci\u00f3n personal<\/strong><\/p>\n<p>Con el fin de brindarle de la mejor manera los productos y servicios que se ofrecen en nuestro Sitio, GRUPO BAEXCO puede recopilar informaci\u00f3n de identificaci\u00f3n personal, como su:<\/p>\n<ul>\n<li>Nombre y apellido<\/li>\n<li>Nombre de su Empresa y Sector<\/li>\n<li>Direcci\u00f3n de correo electr\u00f3nico<\/li>\n<li>Perfil de Facebook<\/li>\n<\/ul>\n<p>&nbsp;<\/p>\n<p>Tenga en cuenta que si divulga directamente informaci\u00f3n de identificaci\u00f3n personal o datos personales sensibles a trav\u00e9s de los foros de mensajes p\u00fablicos o rese\u00f1as de BajaMak, esta informaci\u00f3n puede ser recopilada y utilizada por otros.<\/p>\n<p>No recopilamos ninguna informaci\u00f3n personal sobre usted a menos que usted nos la proporcione voluntariamente. Sin embargo, es posible que se le solicite que nos brinde cierta informaci\u00f3n personal cuando elija utilizar ciertos productos o servicios disponibles en el Sitio. Estos pueden incluir: (a) registrarse para ser un visitante, (b) enviarnos un mensaje de correo electr\u00f3nico, (c) suscribirse a nuestro bolet\u00edn. Es decir, utilizaremos su informaci\u00f3n para, entre otros, comunicarnos con usted en relaci\u00f3n con los servicios y \/ o productos que nos haya solicitado. Tambi\u00e9n podemos recopilar informaci\u00f3n adicional personal o no personal en el futuro.<\/p>\n<p><strong>Uso de su informaci\u00f3n personal<\/strong><\/p>\n<p>GRUPO BAEXCO recopila y utiliza su informaci\u00f3n personal para operar su sitio web y brindar los servicios que ha solicitado.<\/p>\n<p>GRUPO BAEXCO tambi\u00e9n puede usar su informaci\u00f3n de identificaci\u00f3n personal para informarle de otros productos de servicios disponibles por GRUPO BAEXCO y sus afiliados.<\/p>\n<p><strong>Compartir informaci\u00f3n con terceros<\/strong><\/p>\n<p>GRUPO BAEXCO no vende, alquila o cede sus listas de clientes a terceros.<\/p>\n<p>GRUPO BAEXCO puede compartir datos con socios confiables para ayudar a realizar an\u00e1lisis estad\u00edsticos, enviarle correo electr\u00f3nico o correo postal, brindar soporte al cliente u organizar las entregas. Todos estos terceros tienen prohibido utilizar su informaci\u00f3n personal, excepto para proporcionar estos servicios a GRUPO BAEXCO, y est\u00e1n obligados a mantener la confidencialidad de su informaci\u00f3n.<\/p>\n<p>GRUPO BAEXCO puede divulgar su informaci\u00f3n personal, sin previo aviso, si as\u00ed lo requiere la ley o si cree de buena fe que dicha acci\u00f3n es necesaria para: (a) cumplir con los edictos de la ley o cumplir con el proceso legal entregado a GRUPO BAEXCO o al sitio; (b) proteger y defender los derechos o propiedad de GRUPO BAEXCO; y \/ o (c) actuar en circunstancias exigentes para proteger la seguridad personal de los usuarios de GRUPO BAEXCO o del p\u00fablico.<\/p>\n<p><strong>Seguimiento del comportamiento del usuario<\/strong><\/p>\n<p>GRUPO BAEXCO puede realizar un seguimiento de los sitios web y las p\u00e1ginas que visitan nuestros usuarios dentro de GRUPO BAEXCO, con el fin de determinar qu\u00e9 servicios de GRUPO BAEXCO son los m\u00e1s populares. Estos datos se utilizan para entregar contenido personalizado y publicidad dentro de GRUPO BAEXCO a los clientes cuyo comportamiento indica que est\u00e1n interesados \u200b\u200ben un \u00e1rea tem\u00e1tica en particular.<\/p>\n<p><strong>Informaci\u00f3n recopilada autom\u00e1ticamente<\/strong><\/p>\n<p>GRUPO BAEXCO puede recopilar autom\u00e1ticamente informaci\u00f3n sobre el hardware y el software de su computadora. Esta informaci\u00f3n puede incluir: su direcci\u00f3n IP, tipo de navegador, nombres de dominio, tiempos de acceso y direcciones de sitios web de referencia. Esta informaci\u00f3n se utiliza para el funcionamiento del servicio, para mantener la calidad del mismo y para proporcionar estad\u00edsticas generales sobre el uso del sitio web de GRUPO BAEXCO.<\/p>\n<p><strong>Uso de cookies<\/strong><\/p>\n<p>El sitio web de GRUPO BAEXCO puede utilizar \u201ccookies\u201d para ayudarlo a personalizar su experiencia en l\u00ednea. Una cookie es un archivo de texto que un servidor de p\u00e1ginas web coloca en su disco duro. Las cookies no se pueden utilizar para ejecutar programas o enviar virus a su computadora. Las cookies se le asignan de forma exclusiva a usted y solo pueden ser le\u00eddas por un servidor web en el dominio que emiti\u00f3 la cookie.<\/p>\n<p>Uno de los prop\u00f3sitos principales de las cookies es proporcionar una funci\u00f3n conveniente para ahorrarle tiempo. El prop\u00f3sito de una cookie es decirle al servidor web que ha regresado a una p\u00e1gina espec\u00edfica. Por ejemplo, si personaliza las p\u00e1ginas de GRUPO BAEXCO, o se registra en el sitio o en los servicios de GRUPO BAEXCO, una cookie ayuda a GRUPO BAEXCO a recordar su informaci\u00f3n espec\u00edfica para las visitas siguientes. Esto simplifica el proceso de registrar su informaci\u00f3n personal, como la direcci\u00f3n de facturaci\u00f3n, la direcci\u00f3n de env\u00edo, etc. Cuando regresa al mismo sitio web de GRUPO BAEXCO, se puede recuperar la informaci\u00f3n que proporcion\u00f3 anteriormente, para que pueda utilizar f\u00e1cilmente las funciones de GRUPO BAEXCO que personaliz\u00f3.<\/p>\n<p>Usted tiene la capacidad de aceptar o rechazar cookies. La mayor\u00eda de los navegadores web aceptan cookies autom\u00e1ticamente, pero normalmente puede modificar la configuraci\u00f3n de su navegador para rechazar las cookies si lo prefiere. Si opta por rechazar las cookies, es posible que no pueda disfrutar por completo de las funciones interactivas de los servicios de GRUPO BAEXCO o del sitio web que visita.<\/p>\n<p><strong>Seguridad de su informaci\u00f3n personal<\/strong><\/p>\n<p>GRUPO BAEXCO protege su informaci\u00f3n personal frente al acceso, uso o divulgaci\u00f3n no autorizados. GRUPO BAEXCO utiliza el Protocolo SSL como m\u00e9todo para este prop\u00f3sito.<\/p>\n<p>Cuando la informaci\u00f3n personal (como el n\u00famero de tarjeta de cr\u00e9dito) se transmite a otros sitios web, est\u00e1 protegida mediante el uso de cifrado, como el protocolo Secure Sockets Layer (SSL).<\/p>\n<p>Nos esforzamos por tomar las medidas de seguridad adecuadas para proteger contra el acceso no autorizado o la alteraci\u00f3n de su informaci\u00f3n personal. Desafortunadamente, no se puede garantizar que la transmisi\u00f3n de datos a trav\u00e9s de Internet o cualquier red inal\u00e1mbrica sea 100% segura. Como resultado, mientras nos esforzamos por proteger su informaci\u00f3n personal, usted reconoce que: (a) existen limitaciones de seguridad y privacidad inherentes a Internet que est\u00e1n fuera de nuestro control; y (b) no se puede garantizar la seguridad, integridad y privacidad de toda la informaci\u00f3n y los datos intercambiados entre usted y nosotros a trav\u00e9s de este Sitio.<\/p>\n<p><strong>Derecho a supresi\u00f3n<\/strong><\/p>\n<p>Sujeto a ciertas excepciones que se establecen a continuaci\u00f3n, al recibir una solicitud verificable de su parte, nosotros:<\/p>\n<ul>\n<li>Eliminaremos su informaci\u00f3n personal de nuestros registros; y<\/li>\n<li>Indicaremos a cualquier proveedor de servicios que elimine su informaci\u00f3n personal de sus registros.<\/li>\n<\/ul>\n<p>Tenga en cuenta que es posible que no podamos cumplir con las solicitudes para eliminar su informaci\u00f3n personal si es necesaria para:<\/p>\n<ul>\n<li>Completar la transacci\u00f3n para la cual se recopil\u00f3 la informaci\u00f3n personal, cumplir con los t\u00e9rminos de una garant\u00eda por escrito o retirar un producto de acuerdo con la ley federal, brindar un buen servicio solicitado por usted o razonablemente anticipado dentro del contexto de nuestra relaci\u00f3n comercial en curso con usted, o ejecutar un contrato entre usted y nosotros;<\/li>\n<li>Detectar incidentes de seguridad, proteger contra actividades maliciosas, enga\u00f1osas, fraudulentas o ilegales; o enjuiciar a los responsables de esa actividad;<\/li>\n<li>Depurar para identificar y reparar errores que perjudican la funcionalidad prevista existente;<\/li>\n<li>Ejercer la libertad de expresi\u00f3n, garantizar el derecho de otro cliente a ejercer su derecho a la libertad de expresi\u00f3n o ejercer otro derecho previsto por la ley.<\/li>\n<li>Cumplir con la Ley Federal de Protecci\u00f3n de Datos Personales en Posesi\u00f3n de los Particulares de M\u00e9xico;<\/li>\n<li>Participar en investigaciones cient\u00edficas, hist\u00f3ricas o estad\u00edsticas p\u00fablicas o revisadas por pares en el inter\u00e9s p\u00fablico que se adhieran a todas las dem\u00e1s leyes de \u00e9tica y privacidad aplicables, cuando es probable que nuestra eliminaci\u00f3n de la informaci\u00f3n haga imposible o perjudique seriamente el logro de dicha investigaci\u00f3n, siempre que hayamos obtenido su consentimiento informado;<\/li>\n<li>Permitir \u00fanicamente usos internos que est\u00e9n razonablemente alineados con sus expectativas en funci\u00f3n de su relaci\u00f3n con nosotros;<\/li>\n<li>Cumplir con una obligaci\u00f3n legal existente; o<\/li>\n<li>De lo contrario, usar su informaci\u00f3n personal internamente, de una manera legal que sea compatible con el contexto en el que proporcion\u00f3 la informaci\u00f3n.<\/li>\n<\/ul>\n<p><strong>Ni\u00f1os menores de trece<\/strong><\/p>\n<p>GRUPO BAEXCO no recopila a sabiendas informaci\u00f3n de identificaci\u00f3n personal de ni\u00f1os menores de trece a\u00f1os. Si tiene menos de trece a\u00f1os, debe pedir permiso a sus padres o tutores para utilizar este sitio web.<\/p>\n<p><strong>Comunicaciones por correo electr\u00f3nico<\/strong><\/p>\n<p>De vez en cuando, GRUPO BAEXCO puede contactarlo por correo electr\u00f3nico con el fin de proporcionarle anuncios, ofertas promocionales, alertas, confirmaciones, encuestas y \/ u otra comunicaci\u00f3n general. Con el fin de mejorar nuestros Servicios, es posible que recibamos una notificaci\u00f3n cuando abra un correo electr\u00f3nico de GRUPO BAEXCO o haga clic en un enlace dentro de \u00e9ste.<\/p>\n<p>Si desea dejar de recibir comunicaciones de marketing o promocionales por correo electr\u00f3nico de GRUPO BAEXCO, puede optar por no recibir dichas comunicaciones haciendo clic en el enlace ANULAR SUSCRIPCI\u00d3N ubicado en la parte inferior de cualquier correo electr\u00f3nico.<\/p>\n<p><strong>Cambios a esta declaraci\u00f3n<\/strong><\/p>\n<p>GRUPO BAEXCO se reserva el derecho de cambiar esta Pol\u00edtica de Privacidad de vez en cuando. Le notificaremos sobre cambios significativos en la forma en que tratamos la informaci\u00f3n personal enviando un aviso a la direcci\u00f3n de correo electr\u00f3nico principal especificada en su cuenta, colocando un aviso destacado en nuestro sitio y \/ o actualizando cualquier informaci\u00f3n de privacidad en esta p\u00e1gina. Su uso continuado del Sitio y \/ o los Servicios disponibles a trav\u00e9s de este Sitio despu\u00e9s de dicha modificaci\u00f3n constituir\u00e1 su: (a) reconocimiento de la Pol\u00edtica de Privacidad modificada; y (b) el acuerdo de cumplir y estar sujeto a esa Pol\u00edtica.<\/p>\n<p><strong>Informaci\u00f3n del contacto<\/strong><\/p>\n<p>GRUPO BAEXCO agradece sus preguntas o comentarios sobre esta Pol\u00edtica de Privacidad. Si cree que GRUPO BAEXCO no se ha adherido a estas pol\u00edticas, p\u00f3ngase en contacto con GRUPO BAEXCO en:<\/p>\n<p>GRUPO BAEXCO<\/p>\n<p>info@bajamak.com<\/p>\n<p>[\/et_pb_text][\/et_pb_column][\/et_pb_row][\/et_pb_section]<\/p>\n","protected":false},"excerpt":{"rendered":"<p>Terminos de Uso y Pol\u00edtica de Privacidad \u00a0 Proteger su informaci\u00f3n privada es nuestra prioridad. Esta declaraci\u00f3n de privacidad se aplica a bajamak.mx y GRUPO BAEXCO y rige la recopilaci\u00f3n y el uso de datos. A los efectos de esta Pol\u00edtica de privacidad, a menos que se indique lo contrario, todas las referencias a GRUPO [&hellip;]<\/p>\n","protected":false},"author":1,"featured_media":0,"parent":0,"menu_order":0,"comment_status":"closed","ping_status":"closed","template":"","meta":{"_et_pb_use_builder":"on","_et_pb_old_content":"","_et_gb_content_width":"","footnotes":""},"class_list":["post-270","page","type-page","status-publish","hentry"],"_links":{"self":[{"href":"https:\/\/bajamak.mx\/en\/wp-json\/wp\/v2\/pages\/270","targetHints":{"allow":["GET"]}}],"collection":[{"href":"https:\/\/bajamak.mx\/en\/wp-json\/wp\/v2\/pages"}],"about":[{"href":"https:\/\/bajamak.mx\/en\/wp-json\/wp\/v2\/types\/page"}],"author":[{"embeddable":true,"href":"https:\/\/bajamak.mx\/en\/wp-json\/wp\/v2\/users\/1"}],"replies":[{"embeddable":true,"href":"https:\/\/bajamak.mx\/en\/wp-json\/wp\/v2\/comments?post=270"}],"version-history":[{"count":2,"href":"https:\/\/bajamak.mx\/en\/wp-json\/wp\/v2\/pages\/270\/revisions"}],"predecessor-version":[{"id":273,"href":"https:\/\/bajamak.mx\/en\/wp-json\/wp\/v2\/pages\/270\/revisions\/273"}],"wp:attachment":[{"href":"https:\/\/bajamak.mx\/en\/wp-json\/wp\/v2\/media?parent=270"}],"curies":[{"name":"wp","href":"https:\/\/api.w.org\/{rel}","templated":true}]}}