{"id":32,"date":"2021-07-11T23:08:59","date_gmt":"2021-07-11T23:08:59","guid":{"rendered":"https:\/\/bajamak.mx\/contacto\/"},"modified":"2021-07-11T23:08:59","modified_gmt":"2021-07-11T23:08:59","slug":"contacto","status":"publish","type":"page","link":"https:\/\/bajamak.mx\/en\/contacto\/","title":{"rendered":"Contacto"},"content":{"rendered":"<figure class=\"wp-block-image alignwide size-full\"><img loading=\"lazy\" decoding=\"async\" width=\"1600\" height=\"800\" src=\"https:\/\/bajamak.mx\/wp-content\/uploads\/2021\/07\/contact-image-1.jpg\" alt=\"Descripci\u00f3n de la imagen\" class=\"wp-image-14\" srcset=\"https:\/\/bajamak.mx\/wp-content\/uploads\/2021\/07\/contact-image-1.jpg 1600w, https:\/\/bajamak.mx\/wp-content\/uploads\/2021\/07\/contact-image-1-300x150.jpg 300w, https:\/\/bajamak.mx\/wp-content\/uploads\/2021\/07\/contact-image-1-1024x512.jpg 1024w, https:\/\/bajamak.mx\/wp-content\/uploads\/2021\/07\/contact-image-1-768x384.jpg 768w, https:\/\/bajamak.mx\/wp-content\/uploads\/2021\/07\/contact-image-1-1536x768.jpg 1536w, https:\/\/bajamak.mx\/wp-content\/uploads\/2021\/07\/contact-image-1-1568x784.jpg 1568w\" sizes=\"auto, (max-width: 1600px) 100vw, 1600px\" \/><\/figure>\n\n\n\n<div class=\"wp-block-columns alignwide is-medium-full is-layout-flex wp-container-core-columns-is-layout-9d6595d7 wp-block-columns-is-layout-flex\">\n<div class=\"wp-block-column is-layout-flow wp-block-column-is-layout-flow\">\n<h4 class=\"wp-block-heading\">\u00bfPreguntas? \u00bfConsultas?<\/h4>\n\n\n\n<p>Te agradecemos tu consulta sobre Cake; con orgullo establecemos la marca de oro para las pasteler\u00edas de nuestra comunidad. Nuestros hu\u00e9spedes acertadamente esperan las tortas m\u00e1s deliciosas que existen, horneadas con amor y bondad.&nbsp;<\/p>\n\n\n\n<h4 class=\"wp-block-heading\">Pasteler\u00eda<\/h4>\n\n\n\n<p>123 Example Rd, Scottsdale, AZ 85260<\/p>\n\n\n\n<p>Tel.: <a href=\"tel:(555) 555-5555\">(555) 555-5555<\/a><\/p>\n\n\n\n<h4 class=\"wp-block-heading\">Horario<\/h4>\n\n\n\n<p>Lunes a viernes: 11 a. m. &#8211; 8 p. m.<\/p>\n\n\n\n<p>S\u00e1bado y domingo: 11 a. m.  &#8211; 10:30 p. m.<\/p>\n<\/div>\n\n\n\n<div class=\"wp-block-column is-layout-flow wp-block-column-is-layout-flow\">\n<h4 class=\"wp-block-heading\">Enviar un mensaje<\/h4>\n\n\n\n\n\n\n\n\n\n<\/div>\n<\/div>\n\n\n\n<div style=\"min-height:400px\" data-map-attr=\"\/qaddress\/q:\/qscottsdale arizona\/q||\/qlat\/q:\/qundefined\/q||\/qlng\/q:\/qundefined\/q||\/qskin\/q:\/qstandard\/q||\/qzoom\/q:\/q12\/q||\/qiconSize\/q:\/q36\/q||\/qmapTypeControl\/q:\/qtrue\/q||\/qzoomControl\/q:\/qtrue\/q||\/qstreetViewControl\/q:\/qtrue\/q||\/qfullscreenControl\/q:\/qtrue\/q\" class=\"wp-block-coblocks-map alignfull\"><iframe title=\"Google Map\" frameborder=\"0\" style=\"width:100%;min-height:400px\" src=\"https:\/\/www.google.com\/maps?q=scottsdale%20arizona&amp;output=embed&amp;hl=es-ES&amp;z=12\"><\/iframe><\/div>","protected":false},"excerpt":{"rendered":"<p>\u00bfPreguntas? \u00bfConsultas? Te agradecemos tu consulta sobre Cake; con orgullo establecemos la marca de oro para las pasteler\u00edas de nuestra comunidad. Nuestros hu\u00e9spedes acertadamente esperan las tortas m\u00e1s deliciosas que existen, horneadas con amor y bondad.&nbsp; Pasteler\u00eda 123 Example Rd, Scottsdale, AZ 85260 Tel.: (555) 555-5555 Horario Lunes a viernes: 11 a. m. &#8211; 8 [&hellip;]<\/p>\n","protected":false},"author":1,"featured_media":0,"parent":0,"menu_order":0,"comment_status":"closed","ping_status":"closed","template":"","meta":{"_et_pb_use_builder":"","_et_pb_old_content":"","_et_gb_content_width":"","footnotes":""},"class_list":["post-32","page","type-page","status-publish","hentry"],"_links":{"self":[{"href":"https:\/\/bajamak.mx\/en\/wp-json\/wp\/v2\/pages\/32","targetHints":{"allow":["GET"]}}],"collection":[{"href":"https:\/\/bajamak.mx\/en\/wp-json\/wp\/v2\/pages"}],"about":[{"href":"https:\/\/bajamak.mx\/en\/wp-json\/wp\/v2\/types\/page"}],"author":[{"embeddable":true,"href":"https:\/\/bajamak.mx\/en\/wp-json\/wp\/v2\/users\/1"}],"replies":[{"embeddable":true,"href":"https:\/\/bajamak.mx\/en\/wp-json\/wp\/v2\/comments?post=32"}],"version-history":[{"count":1,"href":"https:\/\/bajamak.mx\/en\/wp-json\/wp\/v2\/pages\/32\/revisions"}],"predecessor-version":[{"id":38,"href":"https:\/\/bajamak.mx\/en\/wp-json\/wp\/v2\/pages\/32\/revisions\/38"}],"wp:attachment":[{"href":"https:\/\/bajamak.mx\/en\/wp-json\/wp\/v2\/media?parent=32"}],"curies":[{"name":"wp","href":"https:\/\/api.w.org\/{rel}","templated":true}]}}