{"id":360,"date":"2021-07-20T20:31:41","date_gmt":"2021-07-21T04:31:41","guid":{"rendered":"https:\/\/bajamak.mx\/?page_id=360"},"modified":"2026-03-03T18:47:43","modified_gmt":"2026-03-04T02:47:43","slug":"visitantes","status":"publish","type":"page","link":"https:\/\/bajamak.mx\/en\/visitantes\/","title":{"rendered":"Register as Visitor"},"content":{"rendered":"<p>[et_pb_section fb_built=&#8221;1&#8243; _builder_version=&#8221;4.9.7&#8243; _module_preset=&#8221;default&#8221; custom_padding=&#8221;40px|||||&#8221; global_colors_info=&#8221;{}&#8221;][et_pb_row _builder_version=&#8221;4.9.7&#8243; _module_preset=&#8221;default&#8221; width=&#8221;70%&#8221; custom_padding=&#8221;||15px|||&#8221; global_colors_info=&#8221;{}&#8221;][et_pb_column type=&#8221;4_4&#8243; _builder_version=&#8221;4.9.7&#8243; _module_preset=&#8221;default&#8221; global_colors_info=&#8221;{}&#8221;][et_pb_post_title meta=&#8221;off&#8221; featured_image=&#8221;off&#8221; _builder_version=&#8221;4.9.7&#8243; _module_preset=&#8221;default&#8221; title_font=&#8221;|600|||||||&#8221; title_text_align=&#8221;center&#8221; title_text_color=&#8221;#0B2F4E&#8221; title_font_size=&#8221;28px&#8221; global_colors_info=&#8221;{}&#8221;][\/et_pb_post_title][et_pb_text _builder_version=&#8221;4.10.3&#8243; _module_preset=&#8221;default&#8221; text_font_size=&#8221;17px&#8221; text_line_height=&#8221;1.5em&#8221; header_font=&#8221;|700|||||||&#8221; header_line_height=&#8221;1.5em&#8221; header_3_font=&#8221;|600|||||||&#8221; header_3_font_size=&#8221;19px&#8221; header_3_line_height=&#8221;1.5em&#8221; custom_margin=&#8221;11px||12px|||&#8221; custom_padding=&#8221;||0px|||&#8221; global_colors_info=&#8221;{}&#8221;]<\/p>\n<p style=\"text-align: center;\">\u00bfEs usted ejecutivo de la industria?, \u00bfProveedor especializado? \u00bfSu actividad profesional est\u00e1 ligada a la industria de manufactura?<\/p>\n<p style=\"text-align: center;\">Confirme hoy mismo su asistencia. Acceso gratuito.<\/p>\n<p>[\/et_pb_text][\/et_pb_column][\/et_pb_row][et_pb_row column_structure=&#8221;1_2,1_2&#8243; make_equal=&#8221;on&#8221; custom_padding_last_edited=&#8221;on|phone&#8221; _builder_version=&#8221;4.10.3&#8243; _module_preset=&#8221;default&#8221; custom_padding_tablet=&#8221;&#8221; custom_padding_phone=&#8221;0px||||false|false&#8221; global_colors_info=&#8221;{}&#8221;][et_pb_column type=&#8221;1_2&#8243; _builder_version=&#8221;4.10.3&#8243; _module_preset=&#8221;default&#8221; background_color=&#8221;#091249&#8243; custom_padding_tablet=&#8221;&#8221; custom_padding_phone=&#8221;||||false|false&#8221; custom_padding_last_edited=&#8221;on|phone&#8221; border_radii=&#8221;on|9px|9px|9px|9px&#8221; global_colors_info=&#8221;{}&#8221;][et_pb_text _builder_version=&#8221;4.10.3&#8243; _module_preset=&#8221;default&#8221; text_text_color=&#8221;#000000&#8243; text_font_size=&#8221;17px&#8221; text_line_height=&#8221;1.5em&#8221; header_font=&#8221;|700|||||||&#8221; header_text_color=&#8221;#96C41F&#8221; header_line_height=&#8221;1.5em&#8221; header_3_font=&#8221;|600|||||||&#8221; header_3_text_color=&#8221;#96C41F&#8221; header_3_font_size=&#8221;19px&#8221; header_3_line_height=&#8221;1.5em&#8221; width_tablet=&#8221;&#8221; width_phone=&#8221;78%&#8221; width_last_edited=&#8221;on|phone&#8221; module_alignment=&#8221;center&#8221; custom_margin=&#8221;0px||-15px||false|false&#8221; custom_padding=&#8221;50px||||false|false&#8221; custom_padding_tablet=&#8221;&#8221; custom_padding_phone=&#8221;20px||||false|false&#8221; custom_padding_last_edited=&#8221;on|phone&#8221; hover_enabled=&#8221;0&#8243; module_alignment_last_edited=&#8221;off|phone&#8221; locked=&#8221;off&#8221; global_colors_info=&#8221;{}&#8221; sticky_enabled=&#8221;0&#8243;]<\/p>\n<h3 style=\"text-align: center;\">Registre hoy mismo su asistencia a BajaMak 2026<\/h3>\n<p>[\/et_pb_text][et_pb_code _builder_version=&#8221;4.10.3&#8243; _module_preset=&#8221;default&#8221; locked=&#8221;off&#8221; global_colors_info=&#8221;{}&#8221;]<!-- SendPulse Subscription Form --><!-- [et_pb_line_break_holder] --> <\/p>\n<style >.sp-force-hide { display: none;}.sp-form[sp-id=\"241881\"] { display: block; background: ; padding: 15px; width: 660px; max-width: 100%; border-radius: 8px; font-family: Arial, \"Helvetica Neue\", sans-serif; background-repeat: no-repeat; background-position: center; background-size: auto;}.sp-form[sp-id=\"241881\"] input[type=\"checkbox\"] { display: inline-block; opacity: 1; visibility: visible;}.sp-form[sp-id=\"241881\"] .sp-form-fields-wrapper { margin: 0 auto; width: 630px;}.sp-form[sp-id=\"241881\"] .sp-form-control { background: #ffffff; border-color: #cccccc; border-style: solid; border-width: 1px; font-size: 15px; padding-left: 8.75px; padding-right: 8.75px; border-radius: 4px; height: 35px; width: 100%;}.sp-form[sp-id=\"241881\"] .sp-field label { color: #444444; font-size: 13px; font-style: normal; font-weight: bold;}.sp-form[sp-id=\"241881\"] .sp-button-messengers { border-radius: 4px;}.sp-form[sp-id=\"241881\"] .sp-button { border-radius: 4px; background-color: #96c41f; color: #ffffff; width: 208px; font-weight: 400; font-style: normal; font-family: Verdana, Geneva, sans-serif; box-shadow: none; border-width: 1px; border-color: #96c41f; border-style: solid;}.sp-form[sp-id=\"241881\"] .sp-button-container { text-align: center; width: auto;}<\/style>\n<div class=\"sp-form-outer sp-force-hide\">\n<div id=\"sp-form-241881\" sp-id=\"241881\" sp-hash=\"73870cc995fb47e081e89238f93929d3f5171832ddd1841cc86dc80072d34c9f\" sp-lang=\"es-mx\" class=\"sp-form sp-form-regular sp-form-embed\" sp-show-options=\"%7B%22satellite%22%3Afalse%2C%22maDomain%22%3A%22login.sendpulse.com%22%2C%22formsDomain%22%3A%22forms.sendpulse.com%22%2C%22condition%22%3A%22onEnter%22%2C%22scrollTo%22%3A25%2C%22delay%22%3A10%2C%22repeat%22%3A3%2C%22background%22%3A%22rgba(0%2C%200%2C%200%2C%200.5)%22%2C%22position%22%3A%22bottom-right%22%2C%22animation%22%3A%22%22%2C%22hideOnMobile%22%3Afalse%2C%22urlFilter%22%3Afalse%2C%22urlFilterConditions%22%3A%5B%7B%22force%22%3A%22hide%22%2C%22clause%22%3A%22contains%22%2C%22token%22%3A%22%22%7D%5D%2C%22analytics%22%3A%7B%22ga%22%3A%7B%22eventLabel%22%3A%22Visitantes_Bajamak_2025%22%2C%22send%22%3Afalse%7D%2C%22ym%22%3A%7B%22counterId%22%3Anull%2C%22eventLabel%22%3Anull%2C%22targetId%22%3Anull%2C%22send%22%3Afalse%7D%7D%2C%22utmEnable%22%3Afalse%2C%22submitRedirectUrl%22%3A%22%22%7D\">\n<div class=\"sp-form-fields-wrapper\">\n<div class=\"sp-message\">\n<div><\/div>\n<\/div>\n<form novalidate=\"\" class=\"sp-element-container sp-lg sp-field-nolabel \">\n<div class=\"sp-field sp-field-full-width\" sp-id=\"sp-f39a38ab-1d5d-4953-80bd-c5a330dc39de\">\n<div style=\"font-family: inherit; line-height: 1.2;\"><\/div>\n<\/div>\n<div class=\"sp-field \" sp-id=\"sp-c2e65e11-e26c-4b60-9e5a-fba4949f5035\"><label class=\"sp-control-label\"><span >Nombre<\/span><strong >*<\/strong><\/label><input type=\"text\" sp-type=\"input\" name=\"sform[Tm9tYnJl]\" class=\"sp-form-control \" placeholder=\"Nombre\" sp-tips=\"%7B%22required%22%3A%22Archivo%20requerido%22%7D\" autocomplete=\"on\" required=\"required\"><\/div>\n<div class=\"sp-field \" sp-id=\"sp-ec3ec4c3-9f74-474a-a48d-57852b60ae41\"><label class=\"sp-control-label\"><span >Apellido<\/span><\/label><input type=\"text\" sp-type=\"input\" name=\"sform[QXBlbGxpZG8=]\" class=\"sp-form-control \" placeholder=\"Apellido\" sp-tips=\"%7B%7D\" autocomplete=\"on\"><\/div>\n<div class=\"sp-field \" sp-id=\"sp-62ccf3c1-615b-4901-a87e-90e1a086932e\"><label class=\"sp-control-label\"><span >Empresa<\/span><strong >*<\/strong><\/label><input type=\"text\" sp-type=\"input\" name=\"sform[RW1wcmVzYQ==]\" class=\"sp-form-control \" placeholder=\"Empresa\" sp-tips=\"%7B%22required%22%3A%22Archivo%20requerido%22%7D\" autocomplete=\"on\" required=\"required\"><\/div>\n<div class=\"sp-field \" sp-id=\"sp-836fba19-6dfb-4e0f-b313-6ea113f1f052\"><label class=\"sp-control-label\"><span >Correo<\/span><strong >*<\/strong><\/label><input type=\"email\" sp-type=\"email\" name=\"sform[email]\" class=\"sp-form-control \" placeholder=\"Correo Electr\u00f3nico\" sp-tips=\"%7B%22required%22%3A%22Archivo%20requerido%22%2C%22wrong%22%3A%22Correo%20incorrecto%22%7D\" autocomplete=\"on\" required=\"required\"><\/div>\n<div class=\"sp-field \" sp-id=\"sp-2cafb6dd-2c15-47ff-bab3-0e9019d8bf38\"><label class=\"sp-control-label\"><span >Tel\u00e9fono<\/span><\/label><input type=\"tel\" sp-type=\"phone\" name=\"sform[phone]\" class=\"sp-form-control \" placeholder=\"1234567890\" sp-tips=\"%7B%22wrong%22%3A%22Tel%C3%A9fono%20incorrecto%22%7D\" autocomplete=\"on\"><\/div>\n<div class=\"sp-field \" sp-id=\"sp-d3923e97-7138-4aae-a2e2-c42d0faa6785\"><label class=\"sp-control-label\"><span >Perfil de Facebook<\/span><\/label><input type=\"text\" sp-type=\"input\" name=\"sform[RmFjZWJvb2s=]\" class=\"sp-form-control \" placeholder=\"Perfil de Facebook\" sp-tips=\"%7B%7D\" autocomplete=\"on\"><\/div>\n<div class=\"sp-field \" sp-id=\"sp-6d4088bf-60fb-4b93-8189-66a2689bbb72\"><label class=\"sp-control-label\"><span >Sector<\/span><\/label><select name=\"sform[U2VjdG9y]\" sp-type=\"select\" class=\"sp-form-control \" sp-tips=\"%7B%7D\"><option value=\"N\/A\" selected=\"selected\">Selecciona un Sector <\/option><option value=\"Industrial\">Industrial <\/option><option value=\"Proveedor\">Proveedor <\/option><option value=\"Sector Gobierno\">Sector Gobierno <\/option><option value=\"Educativo\">Educativo <\/option><option value=\"Otro\">Otro <\/option><\/select><\/div>\n<div class=\"sp-field \" sp-id=\"sp-335a999a-946f-4181-b549-b3f85e7ac744\">\n<div class=\"sp-checkbox-option\"><label><input type=\"checkbox\" sp-type=\"gdprConfirm\" name=\"sform[Z2RwckNvbmZpcm0=]\" value=\"yes\" sp-tips=\"%7B%22required%22%3A%22Archivo%20requerido%22%7D\" class=\" \" required=\"required\"><span >S\u00ed, por favor mant\u00e9ngame al tanto de los pr\u00f3ximos eventos<\/span>\u00a0<span ><strong>*<\/strong><\/span><\/label><\/div>\n<\/div>\n<div class=\"sp-field \" sp-id=\"sp-b726bf4f-86c0-4250-8dba-3abcddc78915\">\n<div class=\"sp-checkbox-option\"><label><input type=\"checkbox\" sp-type=\"gdprTerms\" name=\"sform[Z2RwclRlcm1z]\" value=\"yes\" sp-tips=\"%7B%22required%22%3A%22Archivo%20requerido%22%7D\" class=\" \" required=\"required\"><span >Al registrarse, usted acepta nuestros <a href=\"https:\/\/bajamak.mx\/terminos-de-uso-y-politica-de-privacidad\/\" target=\"_blank\" rel=\"noopener\">T\u00e9rminos de Uso y Pol\u00edtica de Privacidad<\/a>, incluyendo el uso de cookies y la transferencia de su informaci\u00f3n personal a BajaMak, Encuentro Industrial<\/span>\u00a0<span ><strong>*<\/strong><\/span><\/label><\/div>\n<\/div>\n<div class=\"sp-field sp-button-container \" sp-id=\"sp-65a079f6-a706-47e9-9099-59954cc4ebe8\"><button id=\"sp-65a079f6-a706-47e9-9099-59954cc4ebe8\" class=\"sp-button\">Enviar <\/button><\/div>\n<\/form>\n<div class=\"sp-link-wrapper sp-brandname__left \"><\/div>\n<\/div>\n<\/div>\n<\/div>\n<p><script type=\"text\/javascript\" async=\"async\" src=\"\/\/web.webformscr.com\/apps\/fc3\/build\/default-handler.js?1724834267561\"><\/script> <!-- [et_pb_line_break_holder] --><!-- \/SendPulse Subscription Form -->[\/et_pb_code][\/et_pb_column][et_pb_column type=&#8221;1_2&#8243; _builder_version=&#8221;4.9.7&#8243; _module_preset=&#8221;default&#8221; global_colors_info=&#8221;{}&#8221;][et_pb_image src=&#8221;https:\/\/bajamak.mx\/wp-content\/uploads\/2026\/02\/ficha-tecnica_bajamak-esp-scaled.jpg&#8221; title_text=&#8221;ficha tecnica_bajamak esp&#8221; align=&#8221;center&#8221; _builder_version=&#8221;4.10.3&#8243; _module_preset=&#8221;default&#8221; global_colors_info=&#8221;{}&#8221;][\/et_pb_image][\/et_pb_column][\/et_pb_row][\/et_pb_section]<\/p>\n","protected":false},"excerpt":{"rendered":"<p>\u00bfEs usted ejecutivo de la industria?, \u00bfProveedor especializado? \u00bfSu actividad profesional est\u00e1 ligada a la industria de manufactura? Confirme hoy mismo su asistencia. Acceso gratuito.Registre hoy mismo su asistencia a BajaMak 2026<\/p>","protected":false},"author":1,"featured_media":0,"parent":0,"menu_order":0,"comment_status":"closed","ping_status":"closed","template":"","meta":{"_et_pb_use_builder":"on","_et_pb_old_content":"","_et_gb_content_width":"","footnotes":""},"class_list":["post-360","page","type-page","status-publish","hentry"],"_links":{"self":[{"href":"https:\/\/bajamak.mx\/en\/wp-json\/wp\/v2\/pages\/360","targetHints":{"allow":["GET"]}}],"collection":[{"href":"https:\/\/bajamak.mx\/en\/wp-json\/wp\/v2\/pages"}],"about":[{"href":"https:\/\/bajamak.mx\/en\/wp-json\/wp\/v2\/types\/page"}],"author":[{"embeddable":true,"href":"https:\/\/bajamak.mx\/en\/wp-json\/wp\/v2\/users\/1"}],"replies":[{"embeddable":true,"href":"https:\/\/bajamak.mx\/en\/wp-json\/wp\/v2\/comments?post=360"}],"version-history":[{"count":19,"href":"https:\/\/bajamak.mx\/en\/wp-json\/wp\/v2\/pages\/360\/revisions"}],"predecessor-version":[{"id":5098,"href":"https:\/\/bajamak.mx\/en\/wp-json\/wp\/v2\/pages\/360\/revisions\/5098"}],"wp:attachment":[{"href":"https:\/\/bajamak.mx\/en\/wp-json\/wp\/v2\/media?parent=360"}],"curies":[{"name":"wp","href":"https:\/\/api.w.org\/{rel}","templated":true}]}}