{"id":372,"date":"2021-07-21T08:27:47","date_gmt":"2021-07-21T16:27:47","guid":{"rendered":"https:\/\/bajamak.mx\/?page_id=372"},"modified":"2026-02-23T19:51:29","modified_gmt":"2026-02-24T03:51:29","slug":"acerca-de-bajamak","status":"publish","type":"page","link":"https:\/\/bajamak.mx\/en\/acerca-de-bajamak\/","title":{"rendered":"About BajaMak"},"content":{"rendered":"<p>[et_pb_section fb_built=&#8221;1&#8243; _builder_version=&#8221;4.9.7&#8243; _module_preset=&#8221;default&#8221; custom_padding=&#8221;40px|||||&#8221; global_colors_info=&#8221;{}&#8221;][et_pb_row _builder_version=&#8221;4.9.7&#8243; _module_preset=&#8221;default&#8221; width=&#8221;70%&#8221; global_colors_info=&#8221;{}&#8221;][et_pb_column type=&#8221;4_4&#8243; _builder_version=&#8221;4.9.7&#8243; _module_preset=&#8221;default&#8221; global_colors_info=&#8221;{}&#8221;][et_pb_post_title meta=&#8221;off&#8221; featured_image=&#8221;off&#8221; _builder_version=&#8221;4.9.7&#8243; _module_preset=&#8221;default&#8221; title_font=&#8221;|600|||||||&#8221; title_text_align=&#8221;center&#8221; title_text_color=&#8221;#0B2F4E&#8221; title_font_size=&#8221;28px&#8221; global_colors_info=&#8221;{}&#8221;][\/et_pb_post_title][\/et_pb_column][\/et_pb_row][et_pb_row column_structure=&#8221;1_2,1_2&#8243; _builder_version=&#8221;4.9.7&#8243; _module_preset=&#8221;default&#8221; custom_padding=&#8221;0px|||||&#8221; global_colors_info=&#8221;{}&#8221;][et_pb_column type=&#8221;1_2&#8243; _builder_version=&#8221;4.9.7&#8243; _module_preset=&#8221;default&#8221; global_colors_info=&#8221;{}&#8221;][et_pb_text _builder_version=&#8221;4.10.3&#8243; _module_preset=&#8221;default&#8221; text_font_size=&#8221;17px&#8221; text_line_height=&#8221;1.5em&#8221; header_font=&#8221;|700|||||||&#8221; header_line_height=&#8221;1.5em&#8221; header_3_font=&#8221;|600|||||||&#8221; header_3_font_size=&#8221;19px&#8221; header_3_line_height=&#8221;1.5em&#8221; custom_margin=&#8221;28px||39px|||&#8221; global_colors_info=&#8221;{}&#8221;]<\/p>\n<p style=\"font-weight: 400; text-align: justify;\">En el a\u00f1o 2006, nace el Encuentro Industrial BajaMak, \u201cEn la Frontera Tecnol\u00f3gica\u201d, con el objetivo de fortalecer la cadena de proveedur\u00eda para la industria regional. Mediante un formato de exposici\u00f3n industrial, encuentro de negocios y conferencias especializadas, BajaMak se ha convertido en el foro l\u00edder del sector, con la participaci\u00f3n de empresas l\u00edderes tanto proveedores como industriales, as\u00ed como con el apoyo de organismos empresariales y de promoci\u00f3n econ\u00f3mica, que buscan impulsar los negocios en esta productiva frontera. Este 2025 vamos por una Manufactura Inteligente.<\/p>\n<p style=\"font-weight: 400;\"><strong>\u00a1Porque el desarrollo industrial de Baja California lo exige!<\/strong><\/p>\n<p>[\/et_pb_text][\/et_pb_column][et_pb_column type=&#8221;1_2&#8243; _builder_version=&#8221;4.9.7&#8243; _module_preset=&#8221;default&#8221; global_colors_info=&#8221;{}&#8221;][et_pb_image src=&#8221;https:\/\/bajamak.mx\/wp-content\/uploads\/2021\/07\/foto-bajamak-10-2.png&#8221; title_text=&#8221;foto-bajamak-10-2&#8243; align=&#8221;center&#8221; _builder_version=&#8221;4.9.7&#8243; _module_preset=&#8221;default&#8221; box_shadow_style=&#8221;preset4&#8243; box_shadow_color=&#8221;#0B2F4E&#8221; global_colors_info=&#8221;{}&#8221;][\/et_pb_image][\/et_pb_column][\/et_pb_row][et_pb_row _builder_version=&#8221;4.9.7&#8243; _module_preset=&#8221;default&#8221; global_colors_info=&#8221;{}&#8221;][et_pb_column type=&#8221;4_4&#8243; _builder_version=&#8221;4.9.7&#8243; _module_preset=&#8221;default&#8221; global_colors_info=&#8221;{}&#8221;][et_pb_text _builder_version=&#8221;4.10.3&#8243; _module_preset=&#8221;default&#8221; text_font_size=&#8221;19px&#8221; text_line_height=&#8221;1.5em&#8221; header_font=&#8221;|700|||||||&#8221; header_line_height=&#8221;1.5em&#8221; header_3_font=&#8221;|600|||||||&#8221; header_3_font_size=&#8221;19px&#8221; header_3_line_height=&#8221;1.5em&#8221; custom_margin=&#8221;5px||-8px|||&#8221; hover_enabled=&#8221;0&#8243; global_colors_info=&#8221;{}&#8221; sticky_enabled=&#8221;0&#8243;]<\/p>\n<p style=\"text-align: center;\"><strong>La edici\u00f3n 19 de BajaMak<\/strong> se llevar\u00e1 a cabo el d\u00eda <span style=\"color: #96c41f;\"><strong>Jueves 22 de Octubre del 2026<\/strong><\/span>\u00a0en el <span style=\"color: #96c41f;\"><strong>Baja California Center<\/strong><\/span> ubicado en la Carretera Esc\u00e9nica Tijuana-Ensenada No. 1029, en la ciudad de Playas de Rosarito, Baja California, M\u00e9xico.<\/p>\n<p style=\"text-align: center;\"><strong>Acompa\u00f1anos a partir de las 9:30 am a nuestra ceremonia de inauguraci\u00f3n y hasta las 6 de la tarde.<\/strong><\/p>\n<p style=\"text-align: justify;\">[\/et_pb_text][\/et_pb_column][\/et_pb_row][et_pb_row column_structure=&#8221;1_2,1_2&#8243; _builder_version=&#8221;4.9.7&#8243; _module_preset=&#8221;default&#8221; custom_padding=&#8221;13px|||||&#8221; global_colors_info=&#8221;{}&#8221;][et_pb_column type=&#8221;1_2&#8243; _builder_version=&#8221;4.9.7&#8243; _module_preset=&#8221;default&#8221; global_colors_info=&#8221;{}&#8221;][et_pb_image src=&#8221;https:\/\/bajamak.mx\/wp-content\/uploads\/2021\/07\/BajaMak-3.jpg&#8221; title_text=&#8221;BajaMak-3&#8243; align=&#8221;center&#8221; _builder_version=&#8221;4.9.7&#8243; _module_preset=&#8221;default&#8221; box_shadow_style=&#8221;preset4&#8243; box_shadow_color=&#8221;#0B2F4E&#8221; global_colors_info=&#8221;{}&#8221;][\/et_pb_image][\/et_pb_column][et_pb_column type=&#8221;1_2&#8243; _builder_version=&#8221;4.9.7&#8243; _module_preset=&#8221;default&#8221; global_colors_info=&#8221;{}&#8221;][et_pb_text _builder_version=&#8221;4.10.3&#8243; _module_preset=&#8221;default&#8221; text_font_size=&#8221;17px&#8221; text_line_height=&#8221;1.5em&#8221; header_font=&#8221;|700|||||||&#8221; header_line_height=&#8221;1.5em&#8221; header_3_font=&#8221;|600|||||||&#8221; header_3_font_size=&#8221;19px&#8221; header_3_line_height=&#8221;1.5em&#8221; custom_margin=&#8221;52px||0px|||&#8221; global_colors_info=&#8221;{}&#8221;]<\/p>\n<p style=\"text-align: justify;\">BajaMak contar\u00e1 con la participaci\u00f3n de la Industria Compradora de los sectores: Electr\u00f3nico, Productos M\u00e9dicos, Metalmec\u00e1nico, Automotriz, Aeroespacial e Industria Diversa conformado por empresas maquiladoras de la regi\u00f3n que muestran sus necesidades en materia de insumos para sus plantas instaladas en M\u00e9xico.<\/p>\n<p>[\/et_pb_text][et_pb_text _builder_version=&#8221;4.9.7&#8243; _module_preset=&#8221;default&#8221; text_font_size=&#8221;17px&#8221; text_line_height=&#8221;1.5em&#8221; header_font=&#8221;|700|||||||&#8221; header_line_height=&#8221;1.5em&#8221; header_3_font=&#8221;|600|||||||&#8221; header_3_font_size=&#8221;19px&#8221; header_3_line_height=&#8221;1.5em&#8221; custom_margin=&#8221;26px||39px|||&#8221; global_colors_info=&#8221;{}&#8221;]<\/p>\n<p style=\"text-align: justify;\">Como visitantes calificados, en BajaMak se pueden encontrar Directores Generales o de Planta, Gerentes de Compras, Materiales, Comerciales, Manufactura, Producci\u00f3n, Ingenier\u00eda, Mantenimiento, Control de Calidad, Seguridad e Higiene, Operaciones, Sistemas. Adem\u00e1s de T\u00e9cnicos Especializados, Directores de Proyectos, Mercadotecnia, entre otros. Todos con poder de decisi\u00f3n.<\/p>\n<p>[\/et_pb_text][\/et_pb_column][\/et_pb_row][\/et_pb_section]<\/p>\n","protected":false},"excerpt":{"rendered":"<p>En el a\u00f1o 2006, nace el Encuentro Industrial BajaMak, \u201cEn la Frontera Tecnol\u00f3gica\u201d, con el objetivo de fortalecer la cadena de proveedur\u00eda para la industria regional. Mediante un formato de exposici\u00f3n industrial, encuentro de negocios y conferencias especializadas, BajaMak se ha convertido en el foro l\u00edder del sector, con la participaci\u00f3n de empresas l\u00edderes tanto [&hellip;]<\/p>\n","protected":false},"author":1,"featured_media":0,"parent":0,"menu_order":0,"comment_status":"closed","ping_status":"closed","template":"","meta":{"_et_pb_use_builder":"on","_et_pb_old_content":"","_et_gb_content_width":"","footnotes":""},"class_list":["post-372","page","type-page","status-publish","hentry"],"_links":{"self":[{"href":"https:\/\/bajamak.mx\/en\/wp-json\/wp\/v2\/pages\/372","targetHints":{"allow":["GET"]}}],"collection":[{"href":"https:\/\/bajamak.mx\/en\/wp-json\/wp\/v2\/pages"}],"about":[{"href":"https:\/\/bajamak.mx\/en\/wp-json\/wp\/v2\/types\/page"}],"author":[{"embeddable":true,"href":"https:\/\/bajamak.mx\/en\/wp-json\/wp\/v2\/users\/1"}],"replies":[{"embeddable":true,"href":"https:\/\/bajamak.mx\/en\/wp-json\/wp\/v2\/comments?post=372"}],"version-history":[{"count":16,"href":"https:\/\/bajamak.mx\/en\/wp-json\/wp\/v2\/pages\/372\/revisions"}],"predecessor-version":[{"id":4872,"href":"https:\/\/bajamak.mx\/en\/wp-json\/wp\/v2\/pages\/372\/revisions\/4872"}],"wp:attachment":[{"href":"https:\/\/bajamak.mx\/en\/wp-json\/wp\/v2\/media?parent=372"}],"curies":[{"name":"wp","href":"https:\/\/api.w.org\/{rel}","templated":true}]}}