{"id":427,"date":"2021-07-21T14:37:14","date_gmt":"2021-07-21T22:37:14","guid":{"rendered":"https:\/\/bajamak.mx\/?page_id=427"},"modified":"2026-04-09T15:25:39","modified_gmt":"2026-04-09T23:25:39","slug":"empresas-confirmadas","status":"publish","type":"page","link":"https:\/\/bajamak.mx\/en\/empresas-confirmadas\/","title":{"rendered":"Confirmed Companies"},"content":{"rendered":"<p>[et_pb_section fb_built=&#8221;1&#8243; _builder_version=&#8221;4.9.7&#8243; _module_preset=&#8221;default&#8221; custom_padding=&#8221;40px||10px|||&#8221; global_colors_info=&#8221;{}&#8221;][et_pb_row _builder_version=&#8221;4.9.7&#8243; _module_preset=&#8221;default&#8221; width=&#8221;70%&#8221; custom_padding=&#8221;||5px|||&#8221; global_colors_info=&#8221;{}&#8221;][et_pb_column type=&#8221;4_4&#8243; _builder_version=&#8221;4.9.7&#8243; _module_preset=&#8221;default&#8221; global_colors_info=&#8221;{}&#8221;][et_pb_post_title meta=&#8221;off&#8221; featured_image=&#8221;off&#8221; _builder_version=&#8221;4.9.7&#8243; _module_preset=&#8221;default&#8221; title_font=&#8221;|600|||||||&#8221; title_text_align=&#8221;center&#8221; title_text_color=&#8221;#0B2F4E&#8221; title_font_size=&#8221;28px&#8221; global_colors_info=&#8221;{}&#8221;][\/et_pb_post_title][\/et_pb_column][\/et_pb_row][\/et_pb_section][et_pb_section fb_built=&#8221;1&#8243; _builder_version=&#8221;4.10.3&#8243; _module_preset=&#8221;default&#8221; custom_padding=&#8221;11px|||||&#8221; global_colors_info=&#8221;{}&#8221;][et_pb_row column_structure=&#8221;1_2,1_2&#8243; _builder_version=&#8221;4.9.7&#8243; _module_preset=&#8221;default&#8221; custom_padding=&#8221;22px|||||&#8221; global_colors_info=&#8221;{}&#8221;][et_pb_column type=&#8221;1_2&#8243; _builder_version=&#8221;4.9.7&#8243; _module_preset=&#8221;default&#8221; sticky_limit_bottom=&#8221;row&#8221; global_colors_info=&#8221;{}&#8221;][et_pb_image src=&#8221;https:\/\/bajamak.mx\/wp-content\/uploads\/2026\/04\/Plano-Montaje-BMK-2026_0409-scaled.png&#8221; title_text=&#8221;Plano Montaje BMK 2026_0409&#8243; show_in_lightbox=&#8221;on&#8221; _builder_version=&#8221;4.10.3&#8243; _module_preset=&#8221;default&#8221; hover_enabled=&#8221;0&#8243; global_colors_info=&#8221;{}&#8221; sticky_enabled=&#8221;0&#8243;][\/et_pb_image][et_pb_text _builder_version=&#8221;4.9.7&#8243; _module_preset=&#8221;default&#8221; text_font_size=&#8221;17px&#8221; text_line_height=&#8221;1.5em&#8221; header_font=&#8221;|700|||||||&#8221; header_line_height=&#8221;1.5em&#8221; header_3_font=&#8221;|600|||||||&#8221; header_3_font_size=&#8221;19px&#8221; header_3_line_height=&#8221;1.5em&#8221; custom_margin=&#8221;36px|||||&#8221; global_colors_info=&#8221;{}&#8221;]<\/p>\n<p style=\"text-align: center;\">BajaMak es donde su empresa debe de estar.<\/p>\n<h3 style=\"text-align: center;\"><\/h3>\n<h3 style=\"text-align: center;\">\u00a1Reserve hoy mismo su stand!<\/h3>\n<p style=\"text-align: center;\">Pregunte por las opciones de participaci\u00f3n <a href=\"mailto:info@bajamak.mx\">info@bajamak.mx<\/a><\/p>\n<p>[\/et_pb_text][et_pb_button button_url=&#8221;mailto:info@bajamak.mx&#8221; url_new_window=&#8221;on&#8221; button_text=&#8221;M\u00e1s Informaci\u00f3n&#8221; button_alignment=&#8221;center&#8221; _builder_version=&#8221;4.9.7&#8243; _module_preset=&#8221;default&#8221; custom_button=&#8221;on&#8221; button_text_color=&#8221;#FFFFFF&#8221; button_bg_color=&#8221;#96C41F&#8221; button_border_color=&#8221;#96C41F&#8221; button_icon=&#8221;%%24%%&#8221; custom_margin=&#8221;||53px|||&#8221; global_colors_info=&#8221;{}&#8221;][\/et_pb_button][\/et_pb_column][et_pb_column type=&#8221;1_2&#8243; _builder_version=&#8221;4.9.7&#8243; _module_preset=&#8221;default&#8221; global_colors_info=&#8221;{}&#8221;][et_pb_text _builder_version=&#8221;4.9.7&#8243; _module_preset=&#8221;default&#8221; text_font_size=&#8221;17px&#8221; text_line_height=&#8221;1.5em&#8221; header_font=&#8221;|700|||||||&#8221; header_line_height=&#8221;1.5em&#8221; header_3_font=&#8221;|600|||||||&#8221; header_3_font_size=&#8221;19px&#8221; header_3_line_height=&#8221;1.5em&#8221; custom_margin=&#8221;12px||18px|||&#8221; global_colors_info=&#8221;{}&#8221;]<\/p>\n<p style=\"text-align: left;\"><span>Agende citas de negocios con proveedores especializados. D\u00e9 click en el nombre de la empresa para conocer m\u00e1s.<\/span><\/p>\n<p>[\/et_pb_text][et_pb_text _builder_version=&#8221;4.9.7&#8243; _module_preset=&#8221;default&#8221; text_font_size=&#8221;17px&#8221; text_line_height=&#8221;1.5em&#8221; header_font=&#8221;|700|||||||&#8221; header_line_height=&#8221;1.5em&#8221; header_3_font=&#8221;|600|||||||&#8221; header_3_font_size=&#8221;19px&#8221; header_3_line_height=&#8221;1.5em&#8221; custom_margin=&#8221;38px||18px|||&#8221; global_colors_info=&#8221;{}&#8221;]<\/p>\n<p style=\"text-align: left;\"><strong>No. Booth &#8211; Empresa<\/strong><\/p>\n<p>[\/et_pb_text][et_pb_portfolio posts_number=&#8221;135&#8243; include_categories=&#8221;11&#8243; show_categories=&#8221;off&#8221; show_pagination=&#8221;off&#8221; disabled_on=&#8221;off|off|off&#8221; _builder_version=&#8221;4.10.3&#8243; _module_preset=&#8221;default&#8221; title_font_size=&#8221;16px&#8221; custom_padding=&#8221;|40px||40px|false|true&#8221; custom_padding_tablet=&#8221;&#8221; custom_padding_phone=&#8221;|5px||5px|false|true&#8221; custom_padding_last_edited=&#8221;on|phone&#8221; global_colors_info=&#8221;{}&#8221;][\/et_pb_portfolio][\/et_pb_column][\/et_pb_row][\/et_pb_section]<\/p>\n","protected":false},"excerpt":{"rendered":"<p>BajaMak es donde su empresa debe de estar. \u00a1Reserve hoy mismo su stand! Pregunte por las opciones de participaci\u00f3n info@bajamak.mxAgende citas de negocios con proveedores especializados. D\u00e9 click en el nombre de la empresa para conocer m\u00e1s.No. Booth &#8211; Empresa<\/p>","protected":false},"author":1,"featured_media":0,"parent":0,"menu_order":0,"comment_status":"closed","ping_status":"closed","template":"","meta":{"_et_pb_use_builder":"on","_et_pb_old_content":"","_et_gb_content_width":"","footnotes":""},"class_list":["post-427","page","type-page","status-publish","hentry"],"_links":{"self":[{"href":"https:\/\/bajamak.mx\/en\/wp-json\/wp\/v2\/pages\/427","targetHints":{"allow":["GET"]}}],"collection":[{"href":"https:\/\/bajamak.mx\/en\/wp-json\/wp\/v2\/pages"}],"about":[{"href":"https:\/\/bajamak.mx\/en\/wp-json\/wp\/v2\/types\/page"}],"author":[{"embeddable":true,"href":"https:\/\/bajamak.mx\/en\/wp-json\/wp\/v2\/users\/1"}],"replies":[{"embeddable":true,"href":"https:\/\/bajamak.mx\/en\/wp-json\/wp\/v2\/comments?post=427"}],"version-history":[{"count":340,"href":"https:\/\/bajamak.mx\/en\/wp-json\/wp\/v2\/pages\/427\/revisions"}],"predecessor-version":[{"id":5183,"href":"https:\/\/bajamak.mx\/en\/wp-json\/wp\/v2\/pages\/427\/revisions\/5183"}],"wp:attachment":[{"href":"https:\/\/bajamak.mx\/en\/wp-json\/wp\/v2\/media?parent=427"}],"curies":[{"name":"wp","href":"https:\/\/api.w.org\/{rel}","templated":true}]}}